{"id":14,"date":"2024-05-24T10:08:04","date_gmt":"2024-05-24T14:08:04","guid":{"rendered":"https:\/\/2081822.cpsw-fcsei.com\/guide_acnh\/?page_id=14"},"modified":"2024-05-30T17:07:34","modified_gmt":"2024-05-30T21:07:34","slug":"ressources","status":"publish","type":"page","link":"https:\/\/2081822.cpsw-fcsei.com\/guide_acnh\/ressources\/","title":{"rendered":"Outils"},"content":{"rendered":"\n<div class=\"wp-block-group alignfull has-global-padding is-layout-constrained wp-container-core-group-is-layout-d89aad35 wp-block-group-is-layout-constrained\" style=\"margin-top:0;margin-bottom:0;padding-top:var(--wp--preset--spacing--50);padding-right:var(--wp--preset--spacing--50);padding-bottom:var(--wp--preset--spacing--50);padding-left:var(--wp--preset--spacing--50)\">\n<div class=\"wp-block-columns alignwide is-layout-flex wp-container-core-columns-is-layout-1da03c2a wp-block-columns-is-layout-flex\">\n<div class=\"wp-block-column is-layout-flow wp-block-column-is-layout-flow\" style=\"flex-basis:40%\">\n<h2 class=\"wp-block-heading\">Outils<\/h2>\n\n\n\n<p>Dans <strong>Animal Crossing: New Horizons<\/strong>, les outils sont essentiels pour de nombreuses activit\u00e9s sur votre \u00eele. Chaque outil a une fonction sp\u00e9cifique qui vous permet d&rsquo;interagir avec l&rsquo;environnement, d&rsquo;accomplir des t\u00e2ches, et de personnaliser votre \u00eele.<\/p>\n\n\n\n<div class=\"wp-block-buttons is-layout-flex wp-block-buttons-is-layout-flex\">\n<div class=\"wp-block-button bouton-plein\"><a class=\"wp-block-button__link wp-element-button\" href=\"https:\/\/2081822.cpsw-fcsei.com\/guide_acnh\/a-propos\/\">\u00c0 propos<\/a><\/div>\n\n\n\n<div class=\"wp-block-button is-style-outline bouton-contour is-style-outline--1\"><a class=\"wp-block-button__link wp-element-button\" href=\"#infolettre\">Infolettre<\/a><\/div>\n<\/div>\n<\/div>\n\n\n\n<div class=\"wp-block-column is-vertically-aligned-center is-layout-flow wp-block-column-is-layout-flow\" style=\"flex-basis:60%\">\n<figure class=\"wp-block-image size-full is-style-rounded img-outils wp-duotone-unset-3 is-style-rounded--2\"><img loading=\"lazy\" decoding=\"async\" width=\"1280\" height=\"720\" src=\"https:\/\/2081822.cpsw-fcsei.com\/guide_acnh\/wp-content\/uploads\/2024\/05\/2024052810382400-02CB906EA538A35643C1E1484C4B947D.jpg\" alt=\"\" class=\"wp-image-136\" style=\"aspect-ratio:4\/3;object-fit:cover\"\/><\/figure>\n<\/div>\n<\/div>\n<\/div>\n\n\n\n<div class=\"wp-block-group alignfull has-accent-2-background-color has-background has-global-padding is-content-justification-center is-layout-constrained wp-container-core-group-is-layout-744c344c wp-block-group-is-layout-constrained\" style=\"margin-top:0;margin-bottom:0;padding-top:var(--wp--preset--spacing--50);padding-right:var(--wp--preset--spacing--50);padding-bottom:var(--wp--preset--spacing--50);padding-left:var(--wp--preset--spacing--50)\">\n<h2 class=\"wp-block-heading has-text-align-center has-contrast-color has-text-color has-link-color wp-elements-8174ae30e77062973e816e287a35a22f\">Outils pouvant \u00eatre achet\u00e9s<\/h2>\n\n\n\n<div class=\"wp-block-query is-layout-flow wp-block-query-is-layout-flow\">\n<div class=\"wp-block-group is-layout-flow wp-block-group-is-layout-flow\" style=\"margin-top:0;margin-bottom:0;padding-top:var(--wp--preset--spacing--30);padding-right:0;padding-bottom:var(--wp--preset--spacing--30);padding-left:0\"><ul class=\"alignfull wp-block-post-template is-layout-flow wp-container-core-post-template-is-layout-09c064ec wp-block-post-template-is-layout-flow\"><li class=\"wp-block-post post-123 outils type-outils status-publish has-post-thumbnail hentry categorie_outils-peut_etre_achete\">\n<figure style=\"aspect-ratio:3\/2; margin-bottom:var(--wp--preset--spacing--20);\" class=\"wp-block-post-featured-image\"><a href=\"https:\/\/2081822.cpsw-fcsei.com\/guide_acnh\/outils\/canne-a-peche\/\" target=\"_self\"  ><img loading=\"lazy\" decoding=\"async\" width=\"1280\" height=\"720\" src=\"https:\/\/2081822.cpsw-fcsei.com\/guide_acnh\/wp-content\/uploads\/2024\/05\/2024052811012900-02CB906EA538A35643C1E1484C4B947D.jpg\" class=\"attachment-post-thumbnail size-post-thumbnail wp-post-image\" alt=\"Canne \u00e0 p\u00eache\" style=\"width:100%;height:100%;object-fit:cover;\" \/><\/a><\/figure>\n\n\n<div class=\"wp-block-group is-vertical is-nowrap is-layout-flex wp-container-core-group-is-layout-9bc6ff26 wp-block-group-is-layout-flex\"><h2 style=\"margin-bottom:0;\" class=\"wp-block-post-title has-x-large-font-size\"><a href=\"https:\/\/2081822.cpsw-fcsei.com\/guide_acnh\/outils\/canne-a-peche\/\" target=\"_self\" >Canne \u00e0 p\u00eache<\/a><\/h2>\n\n<div class=\"wp-block-template-part\">\n<div class=\"wp-block-group has-global-padding is-layout-constrained wp-block-group-is-layout-constrained\">\n<div class=\"wp-block-group is-content-justification-left is-layout-flex wp-container-core-group-is-layout-dfe8e91f wp-block-group-is-layout-flex\"><div class=\"has-link-color wp-elements-d474f6893280dd417771964ac15f2515 wp-block-post-date has-text-color has-contrast-color\"><time datetime=\"Il y a 2 ann\u00e9es\"><a href=\"https:\/\/2081822.cpsw-fcsei.com\/guide_acnh\/outils\/canne-a-peche\/\">  <\/a><\/time><\/div>\n\n\n<p class=\"has-contrast-color has-text-color\">\u2014<\/p>\n\n\n\n<p class=\"has-contrast-color has-text-color has-small-font-size\">by<\/p>\n\n\n\n\n<\/div>\n<\/div>\n<\/div>\n\n<div class=\"wp-block-post-excerpt has-small-font-size\"><p class=\"wp-block-post-excerpt__excerpt\">En voir plus sur Canne \u00e0 p\u00eache <\/p><\/div>\n\n\n<div style=\"height:0px\" aria-hidden=\"true\" class=\"wp-block-spacer wp-container-content-32e3a40d\"><\/div>\n<\/div>\n\n<\/li><li class=\"wp-block-post post-120 outils type-outils status-publish has-post-thumbnail hentry categorie_outils-peut_etre_achete\">\n<figure style=\"aspect-ratio:3\/2; margin-bottom:var(--wp--preset--spacing--20);\" class=\"wp-block-post-featured-image\"><a href=\"https:\/\/2081822.cpsw-fcsei.com\/guide_acnh\/outils\/pelle\/\" target=\"_self\"  ><img loading=\"lazy\" decoding=\"async\" width=\"1280\" height=\"720\" src=\"https:\/\/2081822.cpsw-fcsei.com\/guide_acnh\/wp-content\/uploads\/2024\/05\/2024052810485600-02CB906EA538A35643C1E1484C4B947D.jpg\" class=\"attachment-post-thumbnail size-post-thumbnail wp-post-image\" alt=\"Pelle\" style=\"width:100%;height:100%;object-fit:cover;\" \/><\/a><\/figure>\n\n\n<div class=\"wp-block-group is-vertical is-nowrap is-layout-flex wp-container-core-group-is-layout-9bc6ff26 wp-block-group-is-layout-flex\"><h2 style=\"margin-bottom:0;\" class=\"wp-block-post-title has-x-large-font-size\"><a href=\"https:\/\/2081822.cpsw-fcsei.com\/guide_acnh\/outils\/pelle\/\" target=\"_self\" >Pelle<\/a><\/h2>\n\n<div class=\"wp-block-template-part\">\n<div class=\"wp-block-group has-global-padding is-layout-constrained wp-block-group-is-layout-constrained\">\n<div class=\"wp-block-group is-content-justification-left is-layout-flex wp-container-core-group-is-layout-dfe8e91f wp-block-group-is-layout-flex\"><div class=\"has-link-color wp-elements-d474f6893280dd417771964ac15f2515 wp-block-post-date has-text-color has-contrast-color\"><time datetime=\"Il y a 2 ann\u00e9es\"><a href=\"https:\/\/2081822.cpsw-fcsei.com\/guide_acnh\/outils\/pelle\/\">  <\/a><\/time><\/div>\n\n\n<p class=\"has-contrast-color has-text-color\">\u2014<\/p>\n\n\n\n<p class=\"has-contrast-color has-text-color has-small-font-size\">by<\/p>\n\n\n\n\n<\/div>\n<\/div>\n<\/div>\n\n<div class=\"wp-block-post-excerpt has-small-font-size\"><p class=\"wp-block-post-excerpt__excerpt\">En voir plus sur Pelle <\/p><\/div>\n\n\n<div style=\"height:0px\" aria-hidden=\"true\" class=\"wp-block-spacer wp-container-content-32e3a40d\"><\/div>\n<\/div>\n\n<\/li><\/ul><\/div>\n<\/div>\n<\/div>\n\n\n\n<div class=\"wp-block-group alignfull has-accent-4-background-color has-background has-global-padding is-content-justification-center is-layout-constrained wp-container-core-group-is-layout-744c344c wp-block-group-is-layout-constrained\" style=\"margin-top:0;margin-bottom:0;padding-top:var(--wp--preset--spacing--50);padding-right:var(--wp--preset--spacing--50);padding-bottom:var(--wp--preset--spacing--50);padding-left:var(--wp--preset--spacing--50)\">\n<h2 class=\"wp-block-heading has-text-align-center has-contrast-color has-text-color has-link-color wp-elements-e2e22a749c94fe17b22ab9d5a7ab8721\">Outils ne pouvant pas \u00eatre achet\u00e9s<\/h2>\n\n\n\n<div class=\"wp-block-query is-layout-flow wp-block-query-is-layout-flow\">\n<div class=\"wp-block-group is-layout-flow wp-block-group-is-layout-flow\" style=\"margin-top:0;margin-bottom:0;padding-top:var(--wp--preset--spacing--30);padding-right:0;padding-bottom:var(--wp--preset--spacing--30);padding-left:0\"><ul class=\"alignfull wp-block-post-template is-layout-flow wp-container-core-post-template-is-layout-09c064ec wp-block-post-template-is-layout-flow\"><li class=\"wp-block-post post-122 outils type-outils status-publish has-post-thumbnail hentry categorie_outils-ne_peut_etre_achete\">\n<figure style=\"aspect-ratio:3\/2; margin-bottom:var(--wp--preset--spacing--20);\" class=\"wp-block-post-featured-image\"><a href=\"https:\/\/2081822.cpsw-fcsei.com\/guide_acnh\/outils\/filet\/\" target=\"_self\"  ><img loading=\"lazy\" decoding=\"async\" width=\"1280\" height=\"720\" src=\"https:\/\/2081822.cpsw-fcsei.com\/guide_acnh\/wp-content\/uploads\/2024\/05\/2024052811033100-02CB906EA538A35643C1E1484C4B947D.jpg\" class=\"attachment-post-thumbnail size-post-thumbnail wp-post-image\" alt=\"Filet faible\" style=\"width:100%;height:100%;object-fit:cover;\" \/><\/a><\/figure>\n\n\n<div class=\"wp-block-group is-vertical is-nowrap is-layout-flex wp-container-core-group-is-layout-9bc6ff26 wp-block-group-is-layout-flex\"><h2 style=\"margin-bottom:0;\" class=\"wp-block-post-title has-x-large-font-size\"><a href=\"https:\/\/2081822.cpsw-fcsei.com\/guide_acnh\/outils\/filet\/\" target=\"_self\" >Filet faible<\/a><\/h2>\n\n<div class=\"wp-block-template-part\">\n<div class=\"wp-block-group has-global-padding is-layout-constrained wp-block-group-is-layout-constrained\">\n<div class=\"wp-block-group is-content-justification-left is-layout-flex wp-container-core-group-is-layout-dfe8e91f wp-block-group-is-layout-flex\"><div class=\"has-link-color wp-elements-d474f6893280dd417771964ac15f2515 wp-block-post-date has-text-color has-contrast-color\"><time datetime=\"Il y a 2 ann\u00e9es\"><a href=\"https:\/\/2081822.cpsw-fcsei.com\/guide_acnh\/outils\/filet\/\">  <\/a><\/time><\/div>\n\n\n<p class=\"has-contrast-color has-text-color\">\u2014<\/p>\n\n\n\n<p class=\"has-contrast-color has-text-color has-small-font-size\">by<\/p>\n\n\n\n\n<\/div>\n<\/div>\n<\/div>\n\n<div class=\"wp-block-post-excerpt has-small-font-size\"><p class=\"wp-block-post-excerpt__excerpt\">En voir plus sur Filet faible <\/p><\/div>\n\n\n<div style=\"height:0px\" aria-hidden=\"true\" class=\"wp-block-spacer wp-container-content-32e3a40d\"><\/div>\n<\/div>\n\n<\/li><li class=\"wp-block-post post-121 outils type-outils status-publish has-post-thumbnail hentry categorie_outils-ne_peut_etre_achete\">\n<figure style=\"aspect-ratio:3\/2; margin-bottom:var(--wp--preset--spacing--20);\" class=\"wp-block-post-featured-image\"><a href=\"https:\/\/2081822.cpsw-fcsei.com\/guide_acnh\/outils\/arosoire\/\" target=\"_self\"  ><img loading=\"lazy\" decoding=\"async\" width=\"1280\" height=\"720\" src=\"https:\/\/2081822.cpsw-fcsei.com\/guide_acnh\/wp-content\/uploads\/2024\/05\/2024052810495300-02CB906EA538A35643C1E1484C4B947D.jpg\" class=\"attachment-post-thumbnail size-post-thumbnail wp-post-image\" alt=\"Arosoire\" style=\"width:100%;height:100%;object-fit:cover;\" \/><\/a><\/figure>\n\n\n<div class=\"wp-block-group is-vertical is-nowrap is-layout-flex wp-container-core-group-is-layout-9bc6ff26 wp-block-group-is-layout-flex\"><h2 style=\"margin-bottom:0;\" class=\"wp-block-post-title has-x-large-font-size\"><a href=\"https:\/\/2081822.cpsw-fcsei.com\/guide_acnh\/outils\/arosoire\/\" target=\"_self\" >Arosoire<\/a><\/h2>\n\n<div class=\"wp-block-template-part\">\n<div class=\"wp-block-group has-global-padding is-layout-constrained wp-block-group-is-layout-constrained\">\n<div class=\"wp-block-group is-content-justification-left is-layout-flex wp-container-core-group-is-layout-dfe8e91f wp-block-group-is-layout-flex\"><div class=\"has-link-color wp-elements-d474f6893280dd417771964ac15f2515 wp-block-post-date has-text-color has-contrast-color\"><time datetime=\"Il y a 2 ann\u00e9es\"><a href=\"https:\/\/2081822.cpsw-fcsei.com\/guide_acnh\/outils\/arosoire\/\">  <\/a><\/time><\/div>\n\n\n<p class=\"has-contrast-color has-text-color\">\u2014<\/p>\n\n\n\n<p class=\"has-contrast-color has-text-color has-small-font-size\">by<\/p>\n\n\n\n\n<\/div>\n<\/div>\n<\/div>\n\n<div class=\"wp-block-post-excerpt has-small-font-size\"><p class=\"wp-block-post-excerpt__excerpt\">En voir plus sur Arosoire <\/p><\/div>\n\n\n<div style=\"height:0px\" aria-hidden=\"true\" class=\"wp-block-spacer wp-container-content-32e3a40d\"><\/div>\n<\/div>\n\n<\/li><\/ul><\/div>\n<\/div>\n<\/div>\n\n\n\n<div class=\"wp-block-group alignfull is-layout-flow wp-block-group-is-layout-flow\" id=\"infolettre\" style=\"padding-top:0;padding-right:0;padding-bottom:0;padding-left:0\">\n<div class=\"wp-block-group alignfull has-global-padding is-layout-constrained wp-container-core-group-is-layout-d89aad35 wp-block-group-is-layout-constrained\" style=\"margin-top:0;margin-bottom:0;padding-top:var(--wp--preset--spacing--50);padding-right:var(--wp--preset--spacing--50);padding-bottom:var(--wp--preset--spacing--50);padding-left:var(--wp--preset--spacing--50)\">\n<div class=\"wp-block-group alignwide has-base-2-background-color has-background has-global-padding is-layout-constrained wp-container-core-group-is-layout-39412042 wp-block-group-is-layout-constrained\" style=\"border-radius:16px;padding-top:var(--wp--preset--spacing--40);padding-right:var(--wp--preset--spacing--50);padding-bottom:var(--wp--preset--spacing--40);padding-left:var(--wp--preset--spacing--50)\">\n<div style=\"height:var(--wp--preset--spacing--10)\" aria-hidden=\"true\" class=\"wp-block-spacer\"><\/div>\n\n\n\n<h2 class=\"wp-block-heading has-text-align-center has-x-large-font-size\">Rejoindre les villageois<\/h2>\n\n\n\n<p class=\"has-text-align-center\">Recevoir des notifications lors d&rsquo;\u00e9v\u00e8nements!<\/p>\n\n\n\n<div class=\"wp-block-buttons is-content-justification-center is-layout-flex wp-container-core-buttons-is-layout-a89b3969 wp-block-buttons-is-layout-flex\">\n<div class=\"wp-block-button is-style-fill bouton-plein\"><a class=\"wp-block-button__link wp-element-button\">S&rsquo;inscrire<\/a><\/div>\n<\/div>\n\n\n\n<div style=\"height:var(--wp--preset--spacing--10)\" aria-hidden=\"true\" class=\"wp-block-spacer\"><\/div>\n<\/div>\n<\/div>\n<\/div>\n","protected":false},"excerpt":{"rendered":"<p>En voir plus sur Outils<\/p>\n","protected":false},"author":1,"featured_media":0,"parent":0,"menu_order":0,"comment_status":"closed","ping_status":"closed","template":"","meta":{"_acf_changed":false,"footnotes":""},"class_list":["post-14","page","type-page","status-publish","hentry"],"acf":[],"_links":{"self":[{"href":"https:\/\/2081822.cpsw-fcsei.com\/guide_acnh\/wp-json\/wp\/v2\/pages\/14","targetHints":{"allow":["GET"]}}],"collection":[{"href":"https:\/\/2081822.cpsw-fcsei.com\/guide_acnh\/wp-json\/wp\/v2\/pages"}],"about":[{"href":"https:\/\/2081822.cpsw-fcsei.com\/guide_acnh\/wp-json\/wp\/v2\/types\/page"}],"author":[{"embeddable":true,"href":"https:\/\/2081822.cpsw-fcsei.com\/guide_acnh\/wp-json\/wp\/v2\/users\/1"}],"replies":[{"embeddable":true,"href":"https:\/\/2081822.cpsw-fcsei.com\/guide_acnh\/wp-json\/wp\/v2\/comments?post=14"}],"version-history":[{"count":14,"href":"https:\/\/2081822.cpsw-fcsei.com\/guide_acnh\/wp-json\/wp\/v2\/pages\/14\/revisions"}],"predecessor-version":[{"id":238,"href":"https:\/\/2081822.cpsw-fcsei.com\/guide_acnh\/wp-json\/wp\/v2\/pages\/14\/revisions\/238"}],"wp:attachment":[{"href":"https:\/\/2081822.cpsw-fcsei.com\/guide_acnh\/wp-json\/wp\/v2\/media?parent=14"}],"curies":[{"name":"wp","href":"https:\/\/api.w.org\/{rel}","templated":true}]}}