{"id":12,"date":"2024-05-24T10:07:54","date_gmt":"2024-05-24T14:07:54","guid":{"rendered":"https:\/\/2081822.cpsw-fcsei.com\/guide_acnh\/?page_id=12"},"modified":"2024-05-29T22:25:37","modified_gmt":"2024-05-30T02:25:37","slug":"activites","status":"publish","type":"page","link":"https:\/\/2081822.cpsw-fcsei.com\/guide_acnh\/activites\/","title":{"rendered":"Activit\u00e9s"},"content":{"rendered":"\n<div class=\"wp-block-group alignfull has-global-padding is-layout-constrained wp-container-core-group-is-layout-d89aad35 wp-block-group-is-layout-constrained\" style=\"margin-top:0;margin-bottom:0;padding-top:var(--wp--preset--spacing--50);padding-right:var(--wp--preset--spacing--50);padding-bottom:var(--wp--preset--spacing--50);padding-left:var(--wp--preset--spacing--50)\">\n<div class=\"wp-block-columns alignwide is-layout-flex wp-container-core-columns-is-layout-47c06fe3 wp-block-columns-is-layout-flex\">\n<div class=\"wp-block-column is-vertically-aligned-center is-layout-flow wp-block-column-is-layout-flow\" style=\"flex-basis:50%\">\n<figure class=\"wp-block-image size-full is-style-rounded is-style-rounded--1\"><img loading=\"lazy\" decoding=\"async\" width=\"1280\" height=\"1054\" src=\"https:\/\/2081822.cpsw-fcsei.com\/guide_acnh\/wp-content\/uploads\/2024\/05\/ddsnbqi-31629f57-46a2-4094-861e-80e4d964aebb.jpg\" alt=\"\" class=\"wp-image-92\" style=\"aspect-ratio:4\/3;object-fit:cover\"\/><\/figure>\n<\/div>\n\n\n\n<div class=\"wp-block-column is-vertically-aligned-top is-layout-flow wp-block-column-is-layout-flow\" style=\"flex-basis:50%\">\n<h2 class=\"wp-block-heading\">Activit\u00e9s<\/h2>\n\n\n\n<p>Voici la section o\u00f9 vous trouverez toutes les activit\u00e9s possibles dans Animal Crossing: New Horizons. Une activit\u00e9 est une t\u00e2che ou un loisir que les joueurs peuvent pratiquer pour se divertir et am\u00e9liorer leur \u00eele.<\/p>\n\n\n\n<div class=\"wp-block-buttons is-layout-flex wp-block-buttons-is-layout-flex\">\n<div class=\"wp-block-button bouton-plein\"><a class=\"wp-block-button__link wp-element-button\" href=\"https:\/\/2081822.cpsw-fcsei.com\/guide_acnh\/ressources\/\">Outils<\/a><\/div>\n\n\n\n<div class=\"wp-block-button is-style-outline bouton-contour is-style-outline--2\"><a class=\"wp-block-button__link wp-element-button\" href=\"#infolettre\">Infolettre<\/a><\/div>\n<\/div>\n<\/div>\n<\/div>\n<\/div>\n\n\n\n<div class=\"wp-block-group alignfull has-accent-4-background-color has-background has-global-padding is-layout-constrained wp-container-core-group-is-layout-c5a912d2 wp-block-group-is-layout-constrained\" style=\"margin-top:0;margin-bottom:0;padding-top:var(--wp--preset--spacing--50);padding-right:var(--wp--preset--spacing--50);padding-bottom:var(--wp--preset--spacing--50);padding-left:var(--wp--preset--spacing--50)\">\n<h2 class=\"wp-block-heading has-text-align-center has-contrast-color has-text-color has-link-color wp-elements-126496bfd409f3700a35cad83a49e533\">Mer<\/h2>\n\n\n\n<div class=\"wp-block-query is-layout-flow wp-block-query-is-layout-flow\">\n<div class=\"wp-block-group is-layout-flow wp-block-group-is-layout-flow\" style=\"margin-top:0;margin-bottom:0;padding-top:var(--wp--preset--spacing--30);padding-right:0;padding-bottom:var(--wp--preset--spacing--30);padding-left:0\"><ul class=\"alignfull wp-block-post-template is-layout-flow wp-container-core-post-template-is-layout-09c064ec wp-block-post-template-is-layout-flow\"><li class=\"wp-block-post post-88 activite type-activite status-publish has-post-thumbnail hentry endroit-mer\">\n<figure style=\"aspect-ratio:3\/2; margin-bottom:var(--wp--preset--spacing--20);\" class=\"wp-block-post-featured-image\"><a href=\"https:\/\/2081822.cpsw-fcsei.com\/guide_acnh\/activite\/plongee-sous-marine\/\" target=\"_self\"  ><img loading=\"lazy\" decoding=\"async\" width=\"1280\" height=\"720\" src=\"https:\/\/2081822.cpsw-fcsei.com\/guide_acnh\/wp-content\/uploads\/2024\/05\/2024052810362100-02CB906EA538A35643C1E1484C4B947D.jpg\" class=\"attachment-post-thumbnail size-post-thumbnail wp-post-image\" alt=\"Plong\u00e9e sous-marine\" style=\"width:100%;height:100%;object-fit:cover;\" \/><\/a><\/figure>\n\n\n<div class=\"wp-block-group is-vertical is-nowrap is-layout-flex wp-container-core-group-is-layout-9bc6ff26 wp-block-group-is-layout-flex\"><h2 style=\"margin-bottom:0;\" class=\"wp-block-post-title has-x-large-font-size\"><a href=\"https:\/\/2081822.cpsw-fcsei.com\/guide_acnh\/activite\/plongee-sous-marine\/\" target=\"_self\" >Plong\u00e9e sous-marine<\/a><\/h2>\n\n<div class=\"wp-block-template-part\">\n<div class=\"wp-block-group has-global-padding is-layout-constrained wp-block-group-is-layout-constrained\">\n<div class=\"wp-block-group is-content-justification-left is-layout-flex wp-container-core-group-is-layout-dfe8e91f wp-block-group-is-layout-flex\"><div class=\"has-link-color wp-elements-d474f6893280dd417771964ac15f2515 wp-block-post-date has-text-color has-contrast-color\"><time datetime=\"Il y a 2 ann\u00e9es\"><a href=\"https:\/\/2081822.cpsw-fcsei.com\/guide_acnh\/activite\/plongee-sous-marine\/\">  <\/a><\/time><\/div>\n\n\n<p class=\"has-contrast-color has-text-color\">\u2014<\/p>\n\n\n\n<p class=\"has-contrast-color has-text-color has-small-font-size\">by<\/p>\n\n\n\n\n<\/div>\n<\/div>\n<\/div>\n\n<div class=\"wp-block-post-excerpt has-small-font-size\"><p class=\"wp-block-post-excerpt__excerpt\">En voir plus sur Plong\u00e9e sous-marine <\/p><\/div>\n\n\n<div style=\"height:0px\" aria-hidden=\"true\" class=\"wp-block-spacer wp-container-content-32e3a40d\"><\/div>\n<\/div>\n\n<\/li><\/ul><\/div>\n<\/div>\n<\/div>\n\n\n\n<div class=\"wp-block-group alignfull has-global-padding is-content-justification-center is-layout-constrained wp-container-core-group-is-layout-744c344c wp-block-group-is-layout-constrained\" style=\"margin-top:0;margin-bottom:0;padding-top:var(--wp--preset--spacing--50);padding-right:var(--wp--preset--spacing--50);padding-bottom:var(--wp--preset--spacing--50);padding-left:var(--wp--preset--spacing--50)\">\n<h2 class=\"wp-block-heading has-text-align-center has-contrast-color has-text-color has-link-color wp-elements-15ab7c6853b679f5ad29be5a6195b832\">Bord d&rsquo;eau<\/h2>\n\n\n\n<div class=\"wp-block-query is-layout-flow wp-block-query-is-layout-flow\">\n<div class=\"wp-block-group is-layout-flow wp-block-group-is-layout-flow\" style=\"margin-top:0;margin-bottom:0;padding-top:var(--wp--preset--spacing--30);padding-right:0;padding-bottom:var(--wp--preset--spacing--30);padding-left:0\"><ul class=\"alignfull wp-block-post-template is-layout-flow wp-container-core-post-template-is-layout-09c064ec wp-block-post-template-is-layout-flow\"><li class=\"wp-block-post post-72 activite type-activite status-publish has-post-thumbnail hentry endroit-bord_deau\">\n<figure style=\"aspect-ratio:3\/2; margin-bottom:var(--wp--preset--spacing--20);\" class=\"wp-block-post-featured-image\"><a href=\"https:\/\/2081822.cpsw-fcsei.com\/guide_acnh\/activite\/peche\/\" target=\"_self\"  ><img loading=\"lazy\" decoding=\"async\" width=\"1280\" height=\"720\" src=\"https:\/\/2081822.cpsw-fcsei.com\/guide_acnh\/wp-content\/uploads\/2024\/05\/2024052810341300-02CB906EA538A35643C1E1484C4B947D.jpg\" class=\"attachment-post-thumbnail size-post-thumbnail wp-post-image\" alt=\"P\u00eache\" style=\"width:100%;height:100%;object-fit:cover;\" \/><\/a><\/figure>\n\n\n<div class=\"wp-block-group is-vertical is-nowrap is-layout-flex wp-container-core-group-is-layout-9bc6ff26 wp-block-group-is-layout-flex\"><h2 style=\"margin-bottom:0;\" class=\"wp-block-post-title has-x-large-font-size\"><a href=\"https:\/\/2081822.cpsw-fcsei.com\/guide_acnh\/activite\/peche\/\" target=\"_self\" >P\u00eache<\/a><\/h2>\n\n<div class=\"wp-block-template-part\">\n<div class=\"wp-block-group has-global-padding is-layout-constrained wp-block-group-is-layout-constrained\">\n<div class=\"wp-block-group is-content-justification-left is-layout-flex wp-container-core-group-is-layout-dfe8e91f wp-block-group-is-layout-flex\"><div class=\"has-link-color wp-elements-d474f6893280dd417771964ac15f2515 wp-block-post-date has-text-color has-contrast-color\"><time datetime=\"Il y a 2 ann\u00e9es\"><a href=\"https:\/\/2081822.cpsw-fcsei.com\/guide_acnh\/activite\/peche\/\">  <\/a><\/time><\/div>\n\n\n<p class=\"has-contrast-color has-text-color\">\u2014<\/p>\n\n\n\n<p class=\"has-contrast-color has-text-color has-small-font-size\">by<\/p>\n\n\n\n\n<\/div>\n<\/div>\n<\/div>\n\n<div class=\"wp-block-post-excerpt has-small-font-size\"><p class=\"wp-block-post-excerpt__excerpt\">En voir plus sur P\u00eache <\/p><\/div>\n\n\n<div style=\"height:0px\" aria-hidden=\"true\" class=\"wp-block-spacer wp-container-content-32e3a40d\"><\/div>\n<\/div>\n\n<\/li><\/ul><\/div>\n<\/div>\n<\/div>\n\n\n\n<div class=\"wp-block-group alignfull has-accent-2-background-color has-background has-global-padding is-layout-constrained wp-container-core-group-is-layout-c5a912d2 wp-block-group-is-layout-constrained\" style=\"margin-top:0;margin-bottom:0;padding-top:var(--wp--preset--spacing--50);padding-right:var(--wp--preset--spacing--50);padding-bottom:var(--wp--preset--spacing--50);padding-left:var(--wp--preset--spacing--50)\">\n<h2 class=\"wp-block-heading has-text-align-center has-contrast-color has-text-color has-link-color wp-elements-fca7ecaf4fdfb2a3190d9c8569d1d2fe\">Terre<\/h2>\n\n\n\n<div class=\"wp-block-query is-layout-flow wp-block-query-is-layout-flow\">\n<div class=\"wp-block-group is-layout-flow wp-block-group-is-layout-flow\" style=\"margin-top:0;margin-bottom:0;padding-top:var(--wp--preset--spacing--30);padding-right:0;padding-bottom:var(--wp--preset--spacing--30);padding-left:0\"><ul class=\"alignfull wp-block-post-template is-layout-flow wp-container-core-post-template-is-layout-09c064ec wp-block-post-template-is-layout-flow\"><li class=\"wp-block-post post-158 activite type-activite status-publish has-post-thumbnail hentry endroit-terre\">\n<figure style=\"aspect-ratio:3\/2; margin-bottom:var(--wp--preset--spacing--20);\" class=\"wp-block-post-featured-image\"><a href=\"https:\/\/2081822.cpsw-fcsei.com\/guide_acnh\/activite\/trouver-des-fossils\/\" target=\"_self\"  ><img loading=\"lazy\" decoding=\"async\" width=\"1280\" height=\"720\" src=\"https:\/\/2081822.cpsw-fcsei.com\/guide_acnh\/wp-content\/uploads\/2024\/05\/2024052810434700-02CB906EA538A35643C1E1484C4B947D.jpg\" class=\"attachment-post-thumbnail size-post-thumbnail wp-post-image\" alt=\"Trouver des fossiles\" style=\"width:100%;height:100%;object-fit:cover;\" \/><\/a><\/figure>\n\n\n<div class=\"wp-block-group is-vertical is-nowrap is-layout-flex wp-container-core-group-is-layout-9bc6ff26 wp-block-group-is-layout-flex\"><h2 style=\"margin-bottom:0;\" class=\"wp-block-post-title has-x-large-font-size\"><a href=\"https:\/\/2081822.cpsw-fcsei.com\/guide_acnh\/activite\/trouver-des-fossils\/\" target=\"_self\" >Trouver des fossiles<\/a><\/h2>\n\n<div class=\"wp-block-template-part\">\n<div class=\"wp-block-group has-global-padding is-layout-constrained wp-block-group-is-layout-constrained\">\n<div class=\"wp-block-group is-content-justification-left is-layout-flex wp-container-core-group-is-layout-dfe8e91f wp-block-group-is-layout-flex\"><div class=\"has-link-color wp-elements-d474f6893280dd417771964ac15f2515 wp-block-post-date has-text-color has-contrast-color\"><time datetime=\"Il y a 2 ann\u00e9es\"><a href=\"https:\/\/2081822.cpsw-fcsei.com\/guide_acnh\/activite\/trouver-des-fossils\/\">  <\/a><\/time><\/div>\n\n\n<p class=\"has-contrast-color has-text-color\">\u2014<\/p>\n\n\n\n<p class=\"has-contrast-color has-text-color has-small-font-size\">by<\/p>\n\n\n\n\n<\/div>\n<\/div>\n<\/div>\n\n<div class=\"wp-block-post-excerpt has-small-font-size\"><p class=\"wp-block-post-excerpt__excerpt\">En voir plus sur Trouver des fossiles <\/p><\/div>\n\n\n<div style=\"height:0px\" aria-hidden=\"true\" class=\"wp-block-spacer wp-container-content-32e3a40d\"><\/div>\n<\/div>\n\n<\/li><li class=\"wp-block-post post-76 activite type-activite status-publish has-post-thumbnail hentry endroit-terre\">\n<figure style=\"aspect-ratio:3\/2; margin-bottom:var(--wp--preset--spacing--20);\" class=\"wp-block-post-featured-image\"><a href=\"https:\/\/2081822.cpsw-fcsei.com\/guide_acnh\/activite\/chasse-aux-insects\/\" target=\"_self\"  ><img loading=\"lazy\" decoding=\"async\" width=\"1280\" height=\"720\" src=\"https:\/\/2081822.cpsw-fcsei.com\/guide_acnh\/wp-content\/uploads\/2024\/05\/2024052810431900-02CB906EA538A35643C1E1484C4B947D.jpg\" class=\"attachment-post-thumbnail size-post-thumbnail wp-post-image\" alt=\"Chasse aux insectes\" style=\"width:100%;height:100%;object-fit:cover;\" \/><\/a><\/figure>\n\n\n<div class=\"wp-block-group is-vertical is-nowrap is-layout-flex wp-container-core-group-is-layout-9bc6ff26 wp-block-group-is-layout-flex\"><h2 style=\"margin-bottom:0;\" class=\"wp-block-post-title has-x-large-font-size\"><a href=\"https:\/\/2081822.cpsw-fcsei.com\/guide_acnh\/activite\/chasse-aux-insects\/\" target=\"_self\" >Chasse aux insectes<\/a><\/h2>\n\n<div class=\"wp-block-template-part\">\n<div class=\"wp-block-group has-global-padding is-layout-constrained wp-block-group-is-layout-constrained\">\n<div class=\"wp-block-group is-content-justification-left is-layout-flex wp-container-core-group-is-layout-dfe8e91f wp-block-group-is-layout-flex\"><div class=\"has-link-color wp-elements-d474f6893280dd417771964ac15f2515 wp-block-post-date has-text-color has-contrast-color\"><time datetime=\"Il y a 2 ann\u00e9es\"><a href=\"https:\/\/2081822.cpsw-fcsei.com\/guide_acnh\/activite\/chasse-aux-insects\/\">  <\/a><\/time><\/div>\n\n\n<p class=\"has-contrast-color has-text-color\">\u2014<\/p>\n\n\n\n<p class=\"has-contrast-color has-text-color has-small-font-size\">by<\/p>\n\n\n\n\n<\/div>\n<\/div>\n<\/div>\n\n<div class=\"wp-block-post-excerpt has-small-font-size\"><p class=\"wp-block-post-excerpt__excerpt\">En voir plus sur Chasse aux insectes <\/p><\/div>\n\n\n<div style=\"height:0px\" aria-hidden=\"true\" class=\"wp-block-spacer wp-container-content-32e3a40d\"><\/div>\n<\/div>\n\n<\/li><\/ul><\/div>\n<\/div>\n<\/div>\n\n\n\n<div class=\"wp-block-group alignfull has-global-padding is-layout-constrained wp-block-group-is-layout-constrained\" id=\"infolettre\">\n<div class=\"wp-block-group alignfull has-global-padding is-layout-constrained wp-container-core-group-is-layout-d89aad35 wp-block-group-is-layout-constrained\" style=\"margin-top:0;margin-bottom:0;padding-top:var(--wp--preset--spacing--50);padding-right:var(--wp--preset--spacing--50);padding-bottom:var(--wp--preset--spacing--50);padding-left:var(--wp--preset--spacing--50)\">\n<div class=\"wp-block-group alignwide has-base-2-background-color has-background has-global-padding is-layout-constrained wp-container-core-group-is-layout-39412042 wp-block-group-is-layout-constrained\" style=\"border-radius:16px;padding-top:var(--wp--preset--spacing--40);padding-right:var(--wp--preset--spacing--50);padding-bottom:var(--wp--preset--spacing--40);padding-left:var(--wp--preset--spacing--50)\">\n<div style=\"height:var(--wp--preset--spacing--10)\" aria-hidden=\"true\" class=\"wp-block-spacer\"><\/div>\n\n\n\n<h2 class=\"wp-block-heading has-text-align-center has-x-large-font-size\">Rejoindre les villageois<\/h2>\n\n\n\n<p class=\"has-text-align-center\">Recevoir des notifications lors d&rsquo;\u00e9v\u00e8nements!<\/p>\n\n\n\n<div class=\"wp-block-buttons is-content-justification-center is-layout-flex wp-container-core-buttons-is-layout-a89b3969 wp-block-buttons-is-layout-flex\">\n<div class=\"wp-block-button is-style-fill bouton-plein\"><a class=\"wp-block-button__link wp-element-button\">S&rsquo;inscrire<\/a><\/div>\n<\/div>\n\n\n\n<div style=\"height:var(--wp--preset--spacing--10)\" aria-hidden=\"true\" class=\"wp-block-spacer\"><\/div>\n<\/div>\n<\/div>\n<\/div>\n","protected":false},"excerpt":{"rendered":"<p>En voir plus sur Activit\u00e9s<\/p>\n","protected":false},"author":1,"featured_media":0,"parent":0,"menu_order":0,"comment_status":"closed","ping_status":"closed","template":"","meta":{"_acf_changed":false,"footnotes":""},"class_list":["post-12","page","type-page","status-publish","hentry"],"acf":[],"_links":{"self":[{"href":"https:\/\/2081822.cpsw-fcsei.com\/guide_acnh\/wp-json\/wp\/v2\/pages\/12","targetHints":{"allow":["GET"]}}],"collection":[{"href":"https:\/\/2081822.cpsw-fcsei.com\/guide_acnh\/wp-json\/wp\/v2\/pages"}],"about":[{"href":"https:\/\/2081822.cpsw-fcsei.com\/guide_acnh\/wp-json\/wp\/v2\/types\/page"}],"author":[{"embeddable":true,"href":"https:\/\/2081822.cpsw-fcsei.com\/guide_acnh\/wp-json\/wp\/v2\/users\/1"}],"replies":[{"embeddable":true,"href":"https:\/\/2081822.cpsw-fcsei.com\/guide_acnh\/wp-json\/wp\/v2\/comments?post=12"}],"version-history":[{"count":21,"href":"https:\/\/2081822.cpsw-fcsei.com\/guide_acnh\/wp-json\/wp\/v2\/pages\/12\/revisions"}],"predecessor-version":[{"id":234,"href":"https:\/\/2081822.cpsw-fcsei.com\/guide_acnh\/wp-json\/wp\/v2\/pages\/12\/revisions\/234"}],"wp:attachment":[{"href":"https:\/\/2081822.cpsw-fcsei.com\/guide_acnh\/wp-json\/wp\/v2\/media?parent=12"}],"curies":[{"name":"wp","href":"https:\/\/api.w.org\/{rel}","templated":true}]}}